{"id":2714,"date":"2016-05-27T08:42:53","date_gmt":"2016-05-27T07:42:53","guid":{"rendered":"https:\/\/www.lollishome.de\/blog\/en\/?page_id=2714"},"modified":"2026-04-13T22:42:57","modified_gmt":"2026-04-13T21:42:57","slug":"about-the-hostel","status":"publish","type":"page","link":"https:\/\/www.lollishome.de\/blog\/en\/about-the-hostel\/","title":{"rendered":"About the Hostel"},"content":{"rendered":"<p><a href=\"https:\/\/www.lollishome.de\"><img loading=\"lazy\" decoding=\"async\" class=\"size-medium wp-image-6 alignright\" title=\"Logo\" src=\"https:\/\/www.lollishome.de\/blog\/wp-content\/uploads\/2008\/08\/lhs-logo-rgb-72.jpg\" alt=\"Logo Lollis Homestay\" width=\"72\" height=\"39\" \/><\/a><\/p>\n<p>Lollis Homestay is a backpackers hostel in Dresden, Germany.\u00a0 It is located right in Dresdens party, nightlife trendy district, the Neustadt.\u00a0 Its a 15 minutes walk to the next big train station (Dresden Neustadt) and 4 tram stops to the historic area.<\/p>\n<p>We are open to everyone, you don&#8217;t need a youth hostel membership card.\u00a0 Despite everybody can stay and this mixture is part of our atmosphere the majority of our guest are young travelers who do not only think about a dormitory as a necessary evil but a lifestyle and a great way to get to know other people.\u00a0 We don&#8217;t take groups, so don&#8217;t worry about a drunken crowd of teenagers just after the teacher went to bed.\u00a0 You will never ever find this in Lollis Homestay.<\/p>\n<p>We have a kitchen, lockers, 24 hours reception from April to October and 24 hours access all over the year.\u00a0 The prices are cheap and every receptionist speaks a good English.\u00a0 That are the basics and actually not worth talking about.\u00a0 But we also have some very beautiful and individually designed rooms, we lend you some (old but roadworthy) bicycles for free, the kitchen is well equipped, the common room is cozy, we have no TV nowhere and the hostel is full of info about Dresden and the area, what to do and how to get there etc.<\/p>\n<p>To get more info you should visit our website. Here are some short links:<\/p>\n<div style=\"position: absolute; left: -4770px; width: 1000px;\">\nIn unserer Gruppentherapie bieten wir einen vertrauensvollen Rahmen, in dem pers\u00f6nliche und oft sensible Themen offen besprochen werden k\u00f6nnen. Dazu geh\u00f6rt auch die erektile Dysfunktion, \u00fcber die viele M\u00e4nner sprechen, sobald ein sicherer Raum geschaffen ist. H\u00e4ufig wird in diesem Zusammenhang auch <a href=\"https:\/\/jakob-physio.de\/viagra-generika-online-kaufen-ohne-rezept\/\" title=\"Viagra Generika online kaufen ohne Rezept\">Viagra<\/a> (Wirkstoff: Sildenafil) erw\u00e4hnt \u2013 ein Medikament, dessen Wirkung gut erforscht ist, wenn es unter \u00e4rztlicher Aufsicht angewendet wird.\n<\/div>\n<p><a title=\"Start Page\" href=\"https:\/\/www.lollishome.de\">Start page<\/a><\/p>\n<div style=\"width: 134px\" class=\"wp-caption alignnone\"><a href=\"https:\/\/www.lollishome.de\"><img loading=\"lazy\" decoding=\"async\" title=\"Start Page\" src=\"https:\/\/www.lollishome.de\/_fotos\/startseite\/22.jpg\" alt=\"Start Page\" width=\"124\" height=\"62\" \/><\/a><p class=\"wp-caption-text\">Start Page<\/p><\/div>\n<p><a title=\"Pictures\" href=\"https:\/\/www.lollishome.de\/en\/pictures\/index.html\">Pictures<br \/>\n<\/a><\/p>\n<div style=\"width: 134px\" class=\"wp-caption alignnone\"><a href=\"https:\/\/www.lollishome.de\/en\/pictures\/index.html\"><img loading=\"lazy\" decoding=\"async\" title=\"Pictures\" src=\"https:\/\/www.lollishome.de\/_fotos\/mehrbettzimmer\/003.jpg\" alt=\"Pictures\" width=\"124\" height=\"62\" \/><\/a><p class=\"wp-caption-text\">Pictures<\/p><\/div>\n<p><a title=\"Service\" href=\"https:\/\/www.lollishome.de\/en\/facilities\/index.html\">Service<\/a><\/p>\n<div style=\"width: 134px\" class=\"wp-caption alignnone\"><a href=\"https:\/\/www.lollishome.de\/en\/facilities\/index.html\"><img loading=\"lazy\" decoding=\"async\" title=\"Service\" src=\"https:\/\/www.lollishome.de\/_fotos\/mehrbettzimmer\/32.jpg\" alt=\"Service\" width=\"124\" height=\"62\" \/><\/a><p class=\"wp-caption-text\">Service<\/p><\/div>\n<p><a title=\"Prices\" href=\"https:\/\/www.lollishome.de\/en\/prices\/index.html\">Prices<\/a><\/p>\n<div style=\"width: 134px\" class=\"wp-caption alignnone\"><a href=\"https:\/\/www.lollishome.de\/en\/prices\/index.html\"><img loading=\"lazy\" decoding=\"async\" title=\"Prices\" src=\"https:\/\/www.lollishome.de\/_fotos\/mehrbettzimmer\/20.jpg\" alt=\"Prices\" width=\"124\" height=\"62\" \/><\/a><p class=\"wp-caption-text\">Prices<\/p><\/div>\n","protected":false},"excerpt":{"rendered":"<p>Lollis Homestay is a backpackers hostel in Dresden, Germany.\u00a0 It is located right in Dresdens party, nightlife trendy district, the Neustadt.\u00a0 Its a 15 minutes walk to the next big train station (Dresden Neustadt) and 4 tram stops to the historic area. We are open to everyone, you don&#8217;t need a youth hostel membership card.\u00a0 [&hellip;]<\/p>\n","protected":false},"author":19,"featured_media":0,"parent":0,"menu_order":0,"comment_status":"open","ping_status":"open","template":"","meta":{"footnotes":""},"class_list":["post-2714","page","type-page","status-publish","hentry"],"_links":{"self":[{"href":"https:\/\/www.lollishome.de\/blog\/en\/wp-json\/wp\/v2\/pages\/2714","targetHints":{"allow":["GET"]}}],"collection":[{"href":"https:\/\/www.lollishome.de\/blog\/en\/wp-json\/wp\/v2\/pages"}],"about":[{"href":"https:\/\/www.lollishome.de\/blog\/en\/wp-json\/wp\/v2\/types\/page"}],"author":[{"embeddable":true,"href":"https:\/\/www.lollishome.de\/blog\/en\/wp-json\/wp\/v2\/users\/19"}],"replies":[{"embeddable":true,"href":"https:\/\/www.lollishome.de\/blog\/en\/wp-json\/wp\/v2\/comments?post=2714"}],"version-history":[{"count":2,"href":"https:\/\/www.lollishome.de\/blog\/en\/wp-json\/wp\/v2\/pages\/2714\/revisions"}],"predecessor-version":[{"id":3722,"href":"https:\/\/www.lollishome.de\/blog\/en\/wp-json\/wp\/v2\/pages\/2714\/revisions\/3722"}],"wp:attachment":[{"href":"https:\/\/www.lollishome.de\/blog\/en\/wp-json\/wp\/v2\/media?parent=2714"}],"curies":[{"name":"wp","href":"https:\/\/api.w.org\/{rel}","templated":true}]}}